{"id":1070,"date":"2022-09-20T09:58:19","date_gmt":"2022-09-20T09:58:19","guid":{"rendered":"https:\/\/playbreaker.es\/datenschutzbestimmungen\/"},"modified":"2022-10-04T08:59:58","modified_gmt":"2022-10-04T08:59:58","slug":"datenschutzbestimmungen","status":"publish","type":"page","link":"https:\/\/playbreaker.es\/de\/datenschutzbestimmungen\/","title":{"rendered":"Datenschutzbestimmungen"},"content":{"rendered":"\n<p>todotoy management, S.L. (&#8222;wir&#8220; oder &#8222;uns&#8220;) betreibt die Website playbreaker.com (der &#8222;Dienst&#8220;).<\/p>\n\n<p>Auf dieser Seite erfahren Sie mehr \u00fcber unsere Richtlinien bez\u00fcglich der Erfassung, Verwendung und Weitergabe von pers\u00f6nlichen Daten, wenn Sie unseren Service nutzen.<\/p>\n\n<p>Wir werden Ihre Daten nur wie in dieser Datenschutzrichtlinie beschrieben verwenden oder weitergeben.<\/p>\n\n<p>Wir verwenden Ihre pers\u00f6nlichen Daten, um den Dienst bereitzustellen und zu verbessern. Durch die Nutzung des Dienstes erkl\u00e4ren Sie sich mit der Erfassung und Verwendung von Informationen in \u00dcbereinstimmung mit dieser Richtlinie einverstanden.<\/p>\n\n<h3 class=\"wp-block-heading\">Erhebung und Nutzung von Informationen<\/h3>\n\n<p>Bei der Nutzung unseres Dienstes k\u00f6nnen wir Sie bitten, uns bestimmte personenbezogene Daten mitzuteilen, die dazu verwendet werden k\u00f6nnen, Sie zu kontaktieren oder zu identifizieren. Zu den pers\u00f6nlich identifizierbaren Informationen (&#8222;Pers\u00f6nliche Informationen&#8220;) k\u00f6nnen unter anderem geh\u00f6ren:<\/p>\n\n<ul class=\"wp-block-list\"><li>Name<\/li><li>E-Mail Adresse<\/li><li>Rufnummer<\/li><\/ul>\n\n<h3 class=\"wp-block-heading\">Daten zur Registrierung<\/h3>\n\n<p>Wir sammeln Informationen, die Ihr Browser sendet, wenn Sie unseren Dienst besuchen (&#8222;Protokolldaten&#8220;). Diese Protokolldaten k\u00f6nnen Informationen wie die Internetprotokoll-Adresse (&#8222;IP&#8220;) Ihres Computers, den Browsertyp, die Browserversion, die von Ihnen besuchten Seiten unseres Dienstes, die Uhrzeit und das Datum Ihres Besuchs, die auf diesen Seiten verbrachte Zeit und andere Statistiken enthalten.<\/p>\n\n<h3 class=\"wp-block-heading\">Cookies<\/h3>\n\n<p>Cookies sind Dateien, die eine kleine Menge an Daten enthalten, zu denen auch eine anonyme eindeutige Kennung geh\u00f6ren kann. Cookies werden von einer Website an Ihren Browser gesendet und auf der Festplatte Ihres Computers gespeichert.<\/p>\n\n<p>Wir verwenden Cookies, um Informationen zu sammeln. Sie k\u00f6nnen Ihren Browser so einstellen, dass er alle Cookies ablehnt oder anzeigt, wenn ein Cookie gesendet wird. Wenn Sie jedoch keine Cookies akzeptieren, k\u00f6nnen Sie m\u00f6glicherweise einige Teile unseres Dienstes nicht nutzen.<\/p>\n\n<h3 class=\"wp-block-heading\">Anbieter von Dienstleistungen<\/h3>\n\n<p>Wir k\u00f6nnen Drittunternehmen und Einzelpersonen damit beauftragen, unseren Dienst zu erleichtern, den Dienst in unserem Namen bereitzustellen, Dienstleistungen im Zusammenhang mit dem Dienst zu erbringen oder uns dabei zu helfen, zu analysieren, wie unser Dienst genutzt wird.<\/p>\n\n<p>Diese Dritten haben nur Zugang zu Ihren pers\u00f6nlichen Daten, um diese Aufgaben in unserem Namen zu erf\u00fcllen, und sind verpflichtet, sie nicht weiterzugeben oder f\u00fcr andere Zwecke zu verwenden.<\/p>\n\n<h3 class=\"wp-block-heading\">Sicherheit<\/h3>\n\n<p>Die Sicherheit Ihrer pers\u00f6nlichen Daten ist uns wichtig, aber denken Sie daran, dass keine Methode der \u00dcbertragung \u00fcber das Internet oder der elektronischen Speicherung 100% sicher ist. Obwohl wir uns bem\u00fchen, Ihre pers\u00f6nlichen Daten mit kommerziell akzeptablen Mitteln zu sch\u00fctzen, k\u00f6nnen wir ihre absolute Sicherheit nicht garantieren.<\/p>\n\n<h3 class=\"wp-block-heading\">Links zu anderen Websites<\/h3>\n\n<p>Unser Service kann Links zu anderen Websites enthalten, die nicht von uns betrieben werden. Wenn Sie auf einen Link eines Dritten klicken, werden Sie auf die Website dieses Dritten weitergeleitet. Wir empfehlen Ihnen dringend, die Datenschutzrichtlinien jeder Website, die Sie besuchen, zu lesen.<\/p>\n\n<p>Wir haben keine Kontrolle \u00fcber und \u00fcbernehmen keine Verantwortung f\u00fcr den Inhalt, die Datenschutzrichtlinien oder die Praktiken von Websites oder Diensten Dritter.<\/p>\n\n<h3 class=\"wp-block-heading\">Die Privatsph\u00e4re von Kindern<\/h3>\n\n<p>Unser Service richtet sich nicht an Personen unter 18 Jahren (&#8222;Kinder&#8220;).<\/p>\n\n<p>Wir sammeln nicht wissentlich pers\u00f6nlich identifizierbare Informationen von Kindern unter 18 Jahren. Wenn Sie ein Elternteil oder Erziehungsberechtigter sind und wissen, dass Ihr Kind uns personenbezogene Daten zur Verf\u00fcgung gestellt hat, kontaktieren Sie uns bitte. Wenn wir feststellen, dass ein Kind unter 18 Jahren uns personenbezogene Daten zur Verf\u00fcgung gestellt hat, werden wir diese Daten unverz\u00fcglich von unseren Servern l\u00f6schen.<\/p>\n\n<h3 class=\"wp-block-heading\">Strafverfolgung<\/h3>\n\n<p>Wir werden Ihre pers\u00f6nlichen Daten offenlegen, wenn dies gesetzlich vorgeschrieben ist oder eine Vorladung vorliegt.<\/p>\n\n<h3 class=\"wp-block-heading\">\u00c4nderungen an dieser Datenschutzrichtlinie<\/h3>\n\n<p>Wir k\u00f6nnen unsere Datenschutzrichtlinie von Zeit zu Zeit aktualisieren. Wir werden Sie \u00fcber alle \u00c4nderungen informieren, indem wir die neue Datenschutzrichtlinie auf dieser Seite ver\u00f6ffentlichen.<\/p>\n\n<p>Wir empfehlen Ihnen, diese Datenschutzrichtlinie regelm\u00e4\u00dfig auf \u00c4nderungen zu \u00fcberpr\u00fcfen. \u00c4nderungen an dieser Datenschutzrichtlinie werden mit ihrer Ver\u00f6ffentlichung auf dieser Seite wirksam.<\/p>\n\n<h3 class=\"wp-block-heading\">Kontaktieren Sie uns unter<\/h3>\n\n<p>Wenn Sie Fragen zu dieser Datenschutzrichtlinie haben, wenden Sie sich bitte an uns.<\/p>\n\n<p><\/p>\n\n<p><\/p>\n","protected":false},"excerpt":{"rendered":"<p>todotoy management, S.L. (&#8222;wir&#8220; oder &#8222;uns&#8220;) betreibt die Website playbreaker.com (der &#8222;Dienst&#8220;). Auf dieser Seite erfahren Sie mehr \u00fcber unsere Richtlinien bez\u00fcglich der Erfassung, Verwendung und Weitergabe von pers\u00f6nlichen Daten, wenn Sie unseren Service nutzen. Wir werden Ihre Daten nur wie in dieser Datenschutzrichtlinie beschrieben verwenden oder weitergeben. Wir verwenden Ihre pers\u00f6nlichen Daten, um den [&hellip;]<\/p>\n","protected":false},"author":2,"featured_media":0,"parent":0,"menu_order":0,"comment_status":"closed","ping_status":"closed","template":"","meta":{"_et_pb_use_builder":"off","_et_pb_old_content":"","_et_gb_content_width":"","inline_featured_image":false,"footnotes":""},"class_list":["post-1070","page","type-page","status-publish","hentry"],"_links":{"self":[{"href":"https:\/\/playbreaker.es\/de\/wp-json\/wp\/v2\/pages\/1070","targetHints":{"allow":["GET"]}}],"collection":[{"href":"https:\/\/playbreaker.es\/de\/wp-json\/wp\/v2\/pages"}],"about":[{"href":"https:\/\/playbreaker.es\/de\/wp-json\/wp\/v2\/types\/page"}],"author":[{"embeddable":true,"href":"https:\/\/playbreaker.es\/de\/wp-json\/wp\/v2\/users\/2"}],"replies":[{"embeddable":true,"href":"https:\/\/playbreaker.es\/de\/wp-json\/wp\/v2\/comments?post=1070"}],"version-history":[{"count":2,"href":"https:\/\/playbreaker.es\/de\/wp-json\/wp\/v2\/pages\/1070\/revisions"}],"predecessor-version":[{"id":1076,"href":"https:\/\/playbreaker.es\/de\/wp-json\/wp\/v2\/pages\/1070\/revisions\/1076"}],"wp:attachment":[{"href":"https:\/\/playbreaker.es\/de\/wp-json\/wp\/v2\/media?parent=1070"}],"curies":[{"name":"wp","href":"https:\/\/api.w.org\/{rel}","templated":true}]}}