{"id":1071,"date":"2022-09-20T10:36:26","date_gmt":"2022-09-20T10:36:26","guid":{"rendered":"https:\/\/playbreaker.es\/avis-juridique\/"},"modified":"2022-10-04T08:59:53","modified_gmt":"2022-10-04T08:59:53","slug":"avis-juridique","status":"publish","type":"page","link":"https:\/\/playbreaker.es\/fr\/avis-juridique\/","title":{"rendered":"Avis juridique"},"content":{"rendered":"\n[et_pb_section admin_label=\u00a0\u00bbsection\u00a0\u00bb]\n\t\t\t[et_pb_row admin_label=\u00a0\u00bbrang\u00e9e\u00a0\u00bb]\n\t\t\t\t[et_pb_column type=\u00a0\u00bb4_4&Prime;][et_pb_text admin_label=\u00a0\u00bbText\u00a0\u00bb]<!-- divi:heading {\"level\":3} -->\n<h3><strong>1. &#8211; Objet :<\/strong><\/h3>\n<!-- \/divi:heading -->\n\n<!-- divi:paragraph -->\n<p>Ce site web a \u00e9t\u00e9 con\u00e7u pour faire conna\u00eetre les services offerts par todotoy management, S.L. (C\/ Nicol\u00e1s Est\u00e9vanez, n28, 46018, Valencia, Espagne) ; ainsi que pour la r\u00e9ception de clients potentiels, de contacts commerciaux et de demandes d&#8217;emploi.<\/p>\n<!-- \/divi:paragraph -->\n\n<!-- divi:paragraph -->\n<p><\/p>\n<!-- \/divi:paragraph -->\n\n<!-- divi:heading {\"level\":3} -->\n<h3><strong>Propri\u00e9t\u00e9 intellectuelle et industrielle :<\/strong><\/h3>\n<!-- \/divi:heading -->\n\n<!-- divi:paragraph -->\n<p>Les droits de propri\u00e9t\u00e9 intellectuelle du site web http:\/\/playbreaker.es, son code source, sa conception, ses structures de navigation et les diff\u00e9rents \u00e9l\u00e9ments qu&rsquo;il contient sont la propri\u00e9t\u00e9 de todotoy management S.L., qui dispose des droits exclusifs pour les exploiter sous n&rsquo;importe quelle forme et, en particulier, des droits de reproduction, distribution, communication publique et transformation, conform\u00e9ment \u00e0 la l\u00e9gislation espagnole et de l&rsquo;Union europ\u00e9enne applicable.<\/p>\n<!-- \/divi:paragraph -->\n\n<!-- divi:paragraph -->\n<p>Le portail de&nbsp;playbreaker.es, les pages qu&rsquo;il comprend et les informations ou \u00e9l\u00e9ments qu&rsquo;il contient comprennent des textes, des documents, des photographies, des dessins, des repr\u00e9sentations graphiques, des programmes informatiques, ainsi que des logos, des marques, des noms commerciaux ou d&rsquo;autres signes distinctifs, prot\u00e9g\u00e9s par des droits de propri\u00e9t\u00e9 intellectuelle ou industrielle, dont&nbsp;todotoy management S.L. est le propri\u00e9taire.<\/p>\n<!-- \/divi:paragraph -->\n\n<!-- divi:paragraph -->\n<p>Ce site web n&rsquo;est ni d\u00e9tenu ni autoris\u00e9 par geobra Brandst\u00e4tter GmbH &amp; Co. KG.&nbsp;  et n&rsquo;est pas responsable de ce site web ou de toute information ou lien contenus sur playbreaker.com. Le fait de le faire n&rsquo;implique aucune garantie quant aux informations ou aux liens figurant sur playbreaker.co.uk.<\/p>\n<!-- \/divi:paragraph -->\n\n<!-- divi:paragraph -->\n<p><\/p>\n<!-- \/divi:paragraph -->\n\n<!-- divi:paragraph -->\n<p><\/p>\n<!-- \/divi:paragraph -->\n\n<!-- divi:heading {\"level\":3} -->\n<h3><strong>3.- Contenu :<\/strong><\/h3>\n<!-- \/divi:heading -->\n\n<!-- divi:paragraph -->\n<p>Ce site web fournit des informations sur des services destin\u00e9s \u00e0 \u00eatre connus du public, qui seront en tout cas soumis aux termes et conditions express\u00e9ment d\u00e9taill\u00e9s \u00e0 tout moment et qui sont accessibles depuis ce site web, lequel sera soumis aux diff\u00e9rentes dispositions l\u00e9gales applicables.<\/p>\n<!-- \/divi:paragraph -->\n\n<!-- divi:paragraph -->\n<p><\/p>\n<!-- \/divi:paragraph -->\n\n<!-- divi:heading {\"level\":3} -->\n<h3><strong>4.- Acc\u00e8s et utilisation :<\/strong><\/h3>\n<!-- \/divi:heading -->\n\n<!-- divi:paragraph -->\n<p>L&rsquo;acc\u00e8s \u00e0 ce site web, ainsi que l&rsquo;utilisation qui peut \u00eatre faite des informations et des contenus qui y sont inclus, rel\u00e8vent de la responsabilit\u00e9 exclusive de l&rsquo;utilisateur.<\/p>\n<!-- \/divi:paragraph -->\n\n<!-- divi:paragraph -->\n<p>Les conditions d&rsquo;acc\u00e8s \u00e0 ce site web sont soumises \u00e0 la l\u00e9gislation en vigueur et aux principes de bonne foi et d&rsquo;utilisation licite de la part de l&rsquo;utilisateur, et tout type d&rsquo;action au d\u00e9triment de todotoy management S.L. est g\u00e9n\u00e9ralement interdit.<\/p>\n<!-- \/divi:paragraph -->\n\n<!-- divi:paragraph -->\n<p>L&rsquo;utilisation de ce site web \u00e0 des fins ill\u00e9gales ou non autoris\u00e9es est strictement interdite.<\/p>\n<!-- \/divi:paragraph -->\n\n<!-- divi:paragraph -->\n<p>Toute forme d&rsquo;exploitation, y compris tout type de reproduction, distribution, transfert \u00e0 des tiers, communication publique et transformation, au moyen de tout type de support et de m\u00e9dia, des \u0153uvres, cr\u00e9ations et signes distinctifs susmentionn\u00e9s est interdite sans l&rsquo;autorisation pr\u00e9alable et expresse de leurs propri\u00e9taires respectifs. Le non-respect de cette interdiction peut constituer une infraction punie par la loi.<\/p>\n<!-- \/divi:paragraph -->\n\n<!-- divi:paragraph -->\n<p>Il est interdit, sauf dans les cas express\u00e9ment autoris\u00e9s par todotoy management S.L., de pr\u00e9senter les pages de playbreaker.es, ou les informations qu&rsquo;elles contiennent, sous des cadres, des signes distinctifs, des marques ou des d\u00e9nominations sociales ou commerciales d&rsquo;une autre personne, soci\u00e9t\u00e9 ou entit\u00e9.<\/p>\n<!-- \/divi:paragraph -->\n\n<!-- divi:paragraph -->\n<p><\/p>\n<!-- \/divi:paragraph -->\n\n<!-- divi:heading {\"level\":3} -->\n<h3><strong>5.- Responsabilit\u00e9 :<\/strong><\/h3>\n<!-- \/divi:heading -->\n\n<!-- divi:paragraph -->\n<p>todotoy management S.L. n&rsquo;est en aucun cas responsable de tout type de dommage pouvant \u00eatre caus\u00e9 aux utilisateurs de ce site web, ou de tout autre, par l&rsquo;utilisation ill\u00e9gale ou incorrecte de celui-ci, ou des contenus et informations accessibles ou fournis par son interm\u00e9diaire.<\/p>\n<!-- \/divi:paragraph -->\n\n<!-- divi:paragraph -->\n<p><\/p>\n<!-- \/divi:paragraph -->\n\n<!-- divi:heading {\"level\":3} -->\n<h3><strong>6.- Service :<\/strong><\/h3>\n<!-- \/divi:heading -->\n\n<!-- divi:paragraph -->\n<p>todotoy management S.L. se r\u00e9serve le droit de suspendre l&rsquo;acc\u00e8s \u00e0 son site web, sans pr\u00e9avis, \u00e0 sa discr\u00e9tion et temporairement, pour des raisons techniques ou autres, et peut \u00e9galement modifier unilat\u00e9ralement aussi bien les conditions d&rsquo;acc\u00e8s que tout ou partie des contenus qui y sont inclus.<\/p>\n<!-- \/divi:paragraph -->\n\n<!-- divi:paragraph -->\n<p><\/p>\n<!-- \/divi:paragraph -->\n\n<!-- divi:heading {\"level\":3} -->\n<h3><strong>7.- G\u00e9n\u00e9ral :<\/strong><\/h3>\n<!-- \/divi:heading -->\n\n<!-- divi:paragraph -->\n<p>Pour toute question litigieuse ou concernant le site web&nbsp;playbreaker.es, la l\u00e9gislation espagnole s&rsquo;appliquera, et les Cours et Tribunaux du domicile de l&rsquo;utilisateur seront comp\u00e9tents pour r\u00e9soudre tous les litiges d\u00e9coulant de l&rsquo;utilisation de ce site web ou li\u00e9s \u00e0 celle-ci. L&rsquo;acc\u00e8s au site web playbreaker.es implique l&rsquo;acceptation de l&rsquo;ensemble des termes et conditions ci-dessus.<\/p>\n<!-- \/divi:paragraph -->\n\n<!-- divi:paragraph -->\n<p><\/p>\n<!-- \/divi:paragraph -->\n\n<!-- divi:heading {\"level\":3} -->\n<h3><strong>8.- Hyperliens<\/strong><\/h3>\n<!-- \/divi:heading -->\n\n<!-- divi:paragraph -->\n<p>Des hyperliens sur le site web playbreaker.com peuvent conduire \u00e0 des sites web de tiers. todotoy management S.L. n&rsquo;assume aucune responsabilit\u00e9 quant au contenu, aux informations ou aux services pouvant appara\u00eetre sur ces sites, qui ont un caract\u00e8re exclusivement informatif et n&rsquo;impliquent en aucun cas une relation entre todotoy management S.L. et les personnes ou entit\u00e9s propri\u00e9taires de ces contenus ou les propri\u00e9taires des sites o\u00f9 ils se trouvent.<\/p>\n<!-- \/divi:paragraph -->\n\n<!-- divi:paragraph -->\n<p><\/p>\n<!-- \/divi:paragraph -->\n\n<!-- divi:paragraph -->\n<p><\/p>\n<!-- \/divi:paragraph -->[\/et_pb_text][\/et_pb_column]\n\t\t\t[\/et_pb_row]\n\t\t[\/et_pb_section]\n","protected":false},"excerpt":{"rendered":"<p>1. &#8211; Objet : Ce site web a \u00e9t\u00e9 con\u00e7u pour faire conna\u00eetre les services offerts par todotoy management, S.L. (C\/ Nicol\u00e1s Est\u00e9vanez, n28, 46018, Valencia, Espagne) ; ainsi que pour la r\u00e9ception de clients potentiels, de contacts commerciaux et de demandes d&#8217;emploi. Propri\u00e9t\u00e9 intellectuelle et industrielle : Les droits de propri\u00e9t\u00e9 intellectuelle du site [&hellip;]<\/p>\n","protected":false},"author":2,"featured_media":0,"parent":0,"menu_order":0,"comment_status":"closed","ping_status":"closed","template":"","meta":{"_et_pb_use_builder":"on","_et_pb_old_content":"","_et_gb_content_width":"","inline_featured_image":false,"footnotes":""},"class_list":["post-1071","page","type-page","status-publish","hentry"],"_links":{"self":[{"href":"https:\/\/playbreaker.es\/fr\/wp-json\/wp\/v2\/pages\/1071","targetHints":{"allow":["GET"]}}],"collection":[{"href":"https:\/\/playbreaker.es\/fr\/wp-json\/wp\/v2\/pages"}],"about":[{"href":"https:\/\/playbreaker.es\/fr\/wp-json\/wp\/v2\/types\/page"}],"author":[{"embeddable":true,"href":"https:\/\/playbreaker.es\/fr\/wp-json\/wp\/v2\/users\/2"}],"replies":[{"embeddable":true,"href":"https:\/\/playbreaker.es\/fr\/wp-json\/wp\/v2\/comments?post=1071"}],"version-history":[{"count":2,"href":"https:\/\/playbreaker.es\/fr\/wp-json\/wp\/v2\/pages\/1071\/revisions"}],"predecessor-version":[{"id":1079,"href":"https:\/\/playbreaker.es\/fr\/wp-json\/wp\/v2\/pages\/1071\/revisions\/1079"}],"wp:attachment":[{"href":"https:\/\/playbreaker.es\/fr\/wp-json\/wp\/v2\/media?parent=1071"}],"curies":[{"name":"wp","href":"https:\/\/api.w.org\/{rel}","templated":true}]}}