{"id":1091,"date":"2022-09-20T09:58:19","date_gmt":"2022-09-20T09:58:19","guid":{"rendered":"https:\/\/playbreaker.es\/politique-de-confidentialite\/"},"modified":"2022-10-04T08:59:58","modified_gmt":"2022-10-04T08:59:58","slug":"politique-de-confidentialite","status":"publish","type":"page","link":"https:\/\/playbreaker.es\/fr\/politique-de-confidentialite\/","title":{"rendered":"Politique de confidentialit\u00e9"},"content":{"rendered":"\n<p>todotoy management, S.L. (ci-apr\u00e8s \u00ab\u00a0nous\u00a0\u00bb ou \u00ab\u00a0nous\u00a0\u00bb) exploite le site web playbreaker.es (ci-apr\u00e8s le \u00ab\u00a0Service\u00a0\u00bb).<\/p>\n\n<p>Cette page vous informe de nos politiques concernant la collecte, l&rsquo;utilisation et la divulgation d&rsquo;informations personnelles lorsque vous utilisez notre service.<\/p>\n\n<p>Nous n&rsquo;utiliserons ni ne partagerons vos informations avec quiconque, sauf dans les cas d\u00e9crits dans la pr\u00e9sente politique de confidentialit\u00e9.<\/p>\n\n<p>Nous utilisons vos informations personnelles pour fournir et am\u00e9liorer le service. En utilisant le service, vous acceptez la collecte et l&rsquo;utilisation d&rsquo;informations conform\u00e9ment \u00e0 la pr\u00e9sente politique.<\/p>\n\n<h3 class=\"wp-block-heading\">Collecte et utilisation des informations<\/h3>\n\n<p>Lors de l&rsquo;utilisation de notre service, nous pouvons vous demander de nous fournir certaines informations personnellement identifiables qui peuvent \u00eatre utilis\u00e9es pour vous contacter ou vous identifier. Les informations personnellement identifiables (\u00ab\u00a0Informations personnelles\u00a0\u00bb) peuvent inclure, mais ne sont pas limit\u00e9es \u00e0 :<\/p>\n\n<ul class=\"wp-block-list\"><li>Nom<\/li><li>Adresse \u00e9lectronique<\/li><li>Num\u00e9ro de t\u00e9l\u00e9phone<\/li><\/ul>\n\n<h3 class=\"wp-block-heading\">Donn\u00e9es d&rsquo;enregistrement<\/h3>\n\n<p>Nous recueillons les informations que votre navigateur envoie lorsque vous visitez notre service (\u00ab\u00a0donn\u00e9es de journal\u00a0\u00bb). Ces donn\u00e9es de journal peuvent inclure des informations telles que l&rsquo;adresse de protocole Internet (\u00ab\u00a0IP\u00a0\u00bb) de votre ordinateur, le type de navigateur, la version du navigateur, les pages de notre Service que vous visitez, l&rsquo;heure et la date de votre visite, le temps pass\u00e9 sur ces pages et d&rsquo;autres statistiques.<\/p>\n\n<h3 class=\"wp-block-heading\">Cookies<\/h3>\n\n<p>Les cookies sont des fichiers contenant une petite quantit\u00e9 de donn\u00e9es, qui peuvent inclure un identifiant unique anonyme. Les cookies sont envoy\u00e9s \u00e0 votre navigateur par un site web et stock\u00e9s sur le disque dur de votre ordinateur.<\/p>\n\n<p>Nous utilisons des cookies pour collecter des informations. Vous pouvez demander \u00e0 votre navigateur de refuser tous les cookies ou d&rsquo;indiquer quand un cookie est envoy\u00e9. Toutefois, si vous n&rsquo;acceptez pas les cookies, il se peut que vous ne puissiez pas utiliser certaines parties de notre service.<\/p>\n\n<h3 class=\"wp-block-heading\">Prestataires de services<\/h3>\n\n<p>Nous pouvons employer des soci\u00e9t\u00e9s et des individus tiers pour faciliter notre service, pour fournir le service en notre nom, pour effectuer des services li\u00e9s au service ou pour nous aider \u00e0 analyser comment notre service est utilis\u00e9.<\/p>\n\n<p>Ces tiers n&rsquo;ont acc\u00e8s \u00e0 vos informations personnelles que pour ex\u00e9cuter ces t\u00e2ches en notre nom et sont tenus de ne pas les divulguer ou les utiliser \u00e0 d&rsquo;autres fins.<\/p>\n\n<h3 class=\"wp-block-heading\">S\u00e9curit\u00e9<\/h3>\n\n<p>La s\u00e9curit\u00e9 de vos informations personnelles est importante pour nous, mais n&rsquo;oubliez pas qu&rsquo;aucune m\u00e9thode de transmission sur Internet, ou de stockage \u00e9lectronique, n&rsquo;est s\u00fbre \u00e0 100 %. Bien que nous nous efforcions d&rsquo;utiliser des moyens commercialement acceptables pour prot\u00e9ger vos informations personnelles, nous ne pouvons pas garantir leur s\u00e9curit\u00e9 absolue.<\/p>\n\n<h3 class=\"wp-block-heading\">Liens vers d&rsquo;autres sites<\/h3>\n\n<p>Notre service peut contenir des liens vers d&rsquo;autres sites qui ne sont pas exploit\u00e9s par nous. Si vous cliquez sur un lien de tiers, vous serez dirig\u00e9 vers le site de ce tiers. Nous vous encourageons vivement \u00e0 consulter la politique de confidentialit\u00e9 de chaque site que vous visitez.<\/p>\n\n<p>Nous n&rsquo;avons aucun contr\u00f4le et n&rsquo;assumons aucune responsabilit\u00e9 quant au contenu, aux politiques de confidentialit\u00e9 ou aux pratiques de tout site ou service tiers.<\/p>\n\n<h3 class=\"wp-block-heading\">La vie priv\u00e9e des enfants<\/h3>\n\n<p>Notre service n&rsquo;est pas destin\u00e9 aux personnes \u00e2g\u00e9es de moins de 18 ans (les \u00ab\u00a0enfants\u00a0\u00bb).<\/p>\n\n<p>Nous ne collectons pas sciemment d&rsquo;informations personnellement identifiables aupr\u00e8s d&rsquo;enfants de moins de 18 ans. Si vous \u00eates un parent ou un tuteur et que vous savez que votre enfant nous a fourni des informations personnelles, veuillez nous contacter. Si nous d\u00e9couvrons qu&rsquo;un enfant de moins de 18 ans nous a fourni des informations personnelles, nous supprimerons imm\u00e9diatement ces informations de nos serveurs.<\/p>\n\n<h3 class=\"wp-block-heading\">Application de la loi<\/h3>\n\n<p>Nous divulguons vos informations personnelles lorsque la loi ou une assignation \u00e0 compara\u00eetre l&rsquo;exige.<\/p>\n\n<h3 class=\"wp-block-heading\">Modifications de la pr\u00e9sente politique de confidentialit\u00e9<\/h3>\n\n<p>Nous pouvons mettre \u00e0 jour notre politique de confidentialit\u00e9 de temps \u00e0 autre. Nous vous informerons de toute modification en publiant la nouvelle politique de confidentialit\u00e9 sur cette page.<\/p>\n\n<p>Nous vous encourageons \u00e0 consulter r\u00e9guli\u00e8rement la pr\u00e9sente politique de confidentialit\u00e9 pour prendre connaissance des \u00e9ventuelles modifications. Les modifications apport\u00e9es \u00e0 la pr\u00e9sente politique de confidentialit\u00e9 entrent en vigueur d\u00e8s leur publication sur cette page.<\/p>\n\n<h3 class=\"wp-block-heading\">Contactez-nous \u00e0<\/h3>\n\n<p>Si vous avez des questions sur cette politique de confidentialit\u00e9, veuillez nous contacter.<\/p>\n\n<p><\/p>\n\n<p><\/p>\n","protected":false},"excerpt":{"rendered":"<p>todotoy management, S.L. (ci-apr\u00e8s \u00ab\u00a0nous\u00a0\u00bb ou \u00ab\u00a0nous\u00a0\u00bb) exploite le site web playbreaker.es (ci-apr\u00e8s le \u00ab\u00a0Service\u00a0\u00bb). Cette page vous informe de nos politiques concernant la collecte, l&rsquo;utilisation et la divulgation d&rsquo;informations personnelles lorsque vous utilisez notre service. Nous n&rsquo;utiliserons ni ne partagerons vos informations avec quiconque, sauf dans les cas d\u00e9crits dans la pr\u00e9sente politique de [&hellip;]<\/p>\n","protected":false},"author":2,"featured_media":0,"parent":0,"menu_order":0,"comment_status":"closed","ping_status":"closed","template":"","meta":{"_et_pb_use_builder":"off","_et_pb_old_content":"","_et_gb_content_width":"","inline_featured_image":false,"footnotes":""},"class_list":["post-1091","page","type-page","status-publish","hentry"],"_links":{"self":[{"href":"https:\/\/playbreaker.es\/fr\/wp-json\/wp\/v2\/pages\/1091","targetHints":{"allow":["GET"]}}],"collection":[{"href":"https:\/\/playbreaker.es\/fr\/wp-json\/wp\/v2\/pages"}],"about":[{"href":"https:\/\/playbreaker.es\/fr\/wp-json\/wp\/v2\/types\/page"}],"author":[{"embeddable":true,"href":"https:\/\/playbreaker.es\/fr\/wp-json\/wp\/v2\/users\/2"}],"replies":[{"embeddable":true,"href":"https:\/\/playbreaker.es\/fr\/wp-json\/wp\/v2\/comments?post=1091"}],"version-history":[{"count":2,"href":"https:\/\/playbreaker.es\/fr\/wp-json\/wp\/v2\/pages\/1091\/revisions"}],"predecessor-version":[{"id":1098,"href":"https:\/\/playbreaker.es\/fr\/wp-json\/wp\/v2\/pages\/1091\/revisions\/1098"}],"wp:attachment":[{"href":"https:\/\/playbreaker.es\/fr\/wp-json\/wp\/v2\/media?parent=1091"}],"curies":[{"name":"wp","href":"https:\/\/api.w.org\/{rel}","templated":true}]}}