{"id":1263,"date":"2022-09-20T10:36:26","date_gmt":"2022-09-20T10:36:26","guid":{"rendered":"https:\/\/playbreaker.es\/avviso-legale\/"},"modified":"2022-10-04T09:49:14","modified_gmt":"2022-10-04T09:49:14","slug":"avviso-legale","status":"publish","type":"page","link":"https:\/\/playbreaker.es\/it\/avviso-legale\/","title":{"rendered":"Avviso legale"},"content":{"rendered":"\n[et_pb_section admin_label=&#8221;section&#8221;]\n\t\t\t[et_pb_row admin_label=&#8221;fila&#8221;]\n\t\t\t\t[et_pb_column type=&#8221;4_4&#8243;][et_pb_text admin_label=&#8221;Text&#8221;]<!-- divi:heading {\"level\":3} -->\n<h3><strong>1.- Oggetto:<\/strong><\/h3>\n<!-- \/divi:heading -->\n\n<!-- divi:paragraph -->\n<p>Questo sito web \u00e8 stato progettato per pubblicizzare i servizi offerti da todotoy management, S.L. (C\/ Nicol\u00e1s Est\u00e9vanez, n28, 46018, Valencia, Spagna); nonch\u00e9 per accogliere potenziali clienti, contatti commerciali e domande di lavoro.<\/p>\n<!-- \/divi:paragraph -->\n\n<!-- divi:paragraph -->\n<p><\/p>\n<!-- \/divi:paragraph -->\n\n<!-- divi:heading {\"level\":3} -->\n<h3><strong>Propriet\u00e0 intellettuale e industriale:<\/strong><\/h3>\n<!-- \/divi:heading -->\n\n<!-- divi:paragraph -->\n<p>I diritti di propriet\u00e0 intellettuale del sito web http:\/\/playbreaker.es, il suo codice sorgente, il design, le strutture di navigazione e i diversi elementi in esso contenuti sono di propriet\u00e0 di todotoy management S.L., che dispone dei diritti esclusivi di sfruttamento in qualsiasi forma e, in particolare, dei diritti di riproduzione, distribuzione, comunicazione pubblica e trasformazione, in conformit\u00e0 alla legislazione spagnola e dell&#8217;Unione Europea applicabile.<\/p>\n<!-- \/divi:paragraph -->\n\n<!-- divi:paragraph -->\n<p>Il portale di&nbsp;playbreaker.es, le pagine che lo compongono e le informazioni o gli elementi in esso contenuti comprendono testi, documenti, fotografie, disegni, rappresentazioni grafiche, programmi informatici, nonch\u00e9 loghi, marchi, denominazioni commerciali o altri segni distintivi, protetti da diritti di propriet\u00e0 intellettuale o industriale, di cui&nbsp;todotoy management S.L. \u00e8 il proprietario.<\/p>\n<!-- \/divi:paragraph -->\n\n<!-- divi:paragraph -->\n<p>Questo sito web non \u00e8 n\u00e9 di propriet\u00e0 n\u00e9 autorizzato da geobra Brandst\u00e4tter GmbH &amp; Co. KG.&nbsp;  e non \u00e8 responsabile di questo sito web o di qualsiasi informazione o link contenuti in playbreaker.com. Ci\u00f2 non implica alcuna garanzia in merito alle informazioni o ai link presenti su playbreaker.it.<\/p>\n<!-- \/divi:paragraph -->\n\n<!-- divi:paragraph -->\n<p><\/p>\n<!-- \/divi:paragraph -->\n\n<!-- divi:paragraph -->\n<p><\/p>\n<!-- \/divi:paragraph -->\n\n<!-- divi:heading {\"level\":3} -->\n<h3><strong>3.- Contenuto:<\/strong><\/h3>\n<!-- \/divi:heading -->\n\n<!-- divi:paragraph -->\n<p>Il presente sito web fornisce informazioni sui servizi destinati alla conoscenza del pubblico, che in ogni caso saranno soggetti ai termini e alle condizioni espressamente dettagliati in ogni momento e accessibili da questo sito web, che saranno soggetti alle varie disposizioni di legge applicabili.<\/p>\n<!-- \/divi:paragraph -->\n\n<!-- divi:paragraph -->\n<p><\/p>\n<!-- \/divi:paragraph -->\n\n<!-- divi:heading {\"level\":3} -->\n<h3><strong>4.- Accesso e utilizzo:<\/strong><\/h3>\n<!-- \/divi:heading -->\n\n<!-- divi:paragraph -->\n<p>L&#8217;accesso a questo sito web, cos\u00ec come l&#8217;uso che pu\u00f2 essere fatto delle informazioni e dei contenuti in esso inclusi, \u00e8 di esclusiva responsabilit\u00e0 dell&#8217;utente.<\/p>\n<!-- \/divi:paragraph -->\n\n<!-- divi:paragraph -->\n<p>Le condizioni di accesso a questo sito web sono soggette alla legislazione vigente e ai principi di buona fede e di uso lecito da parte dell&#8217;utente, ed \u00e8 generalmente vietato qualsiasi tipo di azione a danno di todotoy management S.L..<\/p>\n<!-- \/divi:paragraph -->\n\n<!-- divi:paragraph -->\n<p>L&#8217;uso di questo sito web per scopi illegali o non autorizzati \u00e8 severamente vietato.<\/p>\n<!-- \/divi:paragraph -->\n\n<!-- divi:paragraph -->\n<p>\u00c8 vietata qualsiasi forma di sfruttamento, compreso qualsiasi tipo di riproduzione, distribuzione, cessione a terzi, comunicazione pubblica e trasformazione, mediante qualsiasi tipo di supporto e mezzo, delle suddette opere, creazioni e segni distintivi senza la preventiva ed espressa autorizzazione dei rispettivi proprietari. Il mancato rispetto di questo divieto pu\u00f2 costituire una violazione punibile per legge.<\/p>\n<!-- \/divi:paragraph -->\n\n<!-- divi:paragraph -->\n<p>\u00c8 vietato, salvo nei casi espressamente autorizzati da todotoy management S.L., presentare le pagine di playbreaker.es, o le informazioni in esse contenute, sotto cornici, segni distintivi, marchi o denominazioni sociali o commerciali di un&#8217;altra persona, azienda o entit\u00e0.<\/p>\n<!-- \/divi:paragraph -->\n\n<!-- divi:paragraph -->\n<p><\/p>\n<!-- \/divi:paragraph -->\n\n<!-- divi:heading {\"level\":3} -->\n<h3><strong>5.- Responsabilit\u00e0:<\/strong><\/h3>\n<!-- \/divi:heading -->\n\n<!-- divi:paragraph -->\n<p>todotoy management S.L. non \u00e8 responsabile in nessun caso di qualsiasi tipo di danno che possa essere causato agli utenti di questo sito web, o di qualsiasi altro, dall&#8217;uso illegale o improprio dello stesso, o dei contenuti e delle informazioni accessibili o fornite attraverso di esso.<\/p>\n<!-- \/divi:paragraph -->\n\n<!-- divi:paragraph -->\n<p><\/p>\n<!-- \/divi:paragraph -->\n\n<!-- divi:heading {\"level\":3} -->\n<h3><strong>6.- Servizio:<\/strong><\/h3>\n<!-- \/divi:heading -->\n\n<!-- divi:paragraph -->\n<p>todotoy management S.L. si riserva il diritto di sospendere l&#8217;accesso al proprio sito web, senza preavviso, a sua discrezione e temporaneamente, per motivi tecnici o di qualsiasi altro tipo, e pu\u00f2 anche modificare unilateralmente sia le condizioni di accesso che tutto o parte del contenuto in esso incluso.<\/p>\n<!-- \/divi:paragraph -->\n\n<!-- divi:paragraph -->\n<p><\/p>\n<!-- \/divi:paragraph -->\n\n<!-- divi:heading {\"level\":3} -->\n<h3><strong>7.- Generale:<\/strong><\/h3>\n<!-- \/divi:heading -->\n\n<!-- divi:paragraph -->\n<p>Per tutte le questioni di natura contenziosa o riguardanti il Sito&nbsp;playbreaker.es, si applicher\u00e0 la legislazione spagnola e le Corti e i Tribunali del domicilio dell&#8217;utente saranno competenti per la risoluzione di tutte le controversie derivanti o connesse all&#8217;uso di questo Sito. L&#8217;accesso al sito web playbreaker.es implica l&#8217;accettazione di tutti i termini e le condizioni di cui sopra.<\/p>\n<!-- \/divi:paragraph -->\n\n<!-- divi:paragraph -->\n<p><\/p>\n<!-- \/divi:paragraph -->\n\n<!-- divi:heading {\"level\":3} -->\n<h3><strong>8.- Collegamenti ipertestuali<\/strong><\/h3>\n<!-- \/divi:heading -->\n\n<!-- divi:paragraph -->\n<p>I collegamenti ipertestuali presenti sul sito web playbreaker.com possono condurre a siti web di terzi. todotoy management S.L. non si assume alcuna responsabilit\u00e0 per i contenuti, le informazioni o i servizi che possono apparire su questi siti, che hanno esclusivamente scopo informativo e non implicano in nessun caso alcun rapporto tra todotoy management S.L. e le persone o le entit\u00e0 proprietarie di tali contenuti o i proprietari dei siti in cui si trovano.<\/p>\n<!-- \/divi:paragraph -->\n\n<!-- divi:paragraph -->\n<p><\/p>\n<!-- \/divi:paragraph -->\n\n<!-- divi:paragraph -->\n<p><\/p>\n<!-- \/divi:paragraph -->[\/et_pb_text][\/et_pb_column]\n\t\t\t[\/et_pb_row]\n\t\t[\/et_pb_section]\n","protected":false},"excerpt":{"rendered":"<p>1.- Oggetto: Questo sito web \u00e8 stato progettato per pubblicizzare i servizi offerti da todotoy management, S.L. (C\/ Nicol\u00e1s Est\u00e9vanez, n28, 46018, Valencia, Spagna); nonch\u00e9 per accogliere potenziali clienti, contatti commerciali e domande di lavoro. Propriet\u00e0 intellettuale e industriale: I diritti di propriet\u00e0 intellettuale del sito web http:\/\/playbreaker.es, il suo codice sorgente, il design, le [&hellip;]<\/p>\n","protected":false},"author":2,"featured_media":0,"parent":0,"menu_order":0,"comment_status":"closed","ping_status":"closed","template":"","meta":{"_et_pb_use_builder":"on","_et_pb_old_content":"","_et_gb_content_width":"","inline_featured_image":false,"footnotes":""},"class_list":["post-1263","page","type-page","status-publish","hentry"],"_links":{"self":[{"href":"https:\/\/playbreaker.es\/it\/wp-json\/wp\/v2\/pages\/1263","targetHints":{"allow":["GET"]}}],"collection":[{"href":"https:\/\/playbreaker.es\/it\/wp-json\/wp\/v2\/pages"}],"about":[{"href":"https:\/\/playbreaker.es\/it\/wp-json\/wp\/v2\/types\/page"}],"author":[{"embeddable":true,"href":"https:\/\/playbreaker.es\/it\/wp-json\/wp\/v2\/users\/2"}],"replies":[{"embeddable":true,"href":"https:\/\/playbreaker.es\/it\/wp-json\/wp\/v2\/comments?post=1263"}],"version-history":[{"count":2,"href":"https:\/\/playbreaker.es\/it\/wp-json\/wp\/v2\/pages\/1263\/revisions"}],"predecessor-version":[{"id":1265,"href":"https:\/\/playbreaker.es\/it\/wp-json\/wp\/v2\/pages\/1263\/revisions\/1265"}],"wp:attachment":[{"href":"https:\/\/playbreaker.es\/it\/wp-json\/wp\/v2\/media?parent=1263"}],"curies":[{"name":"wp","href":"https:\/\/api.w.org\/{rel}","templated":true}]}}