{"id":1951,"date":"2022-09-20T10:36:26","date_gmt":"2022-09-20T10:36:26","guid":{"rendered":"https:\/\/playbreaker.es\/nota-prawna\/"},"modified":"2022-10-20T07:48:07","modified_gmt":"2022-10-20T07:48:07","slug":"nota-prawna","status":"publish","type":"page","link":"https:\/\/playbreaker.es\/pl\/nota-prawna\/","title":{"rendered":"Nota prawna"},"content":{"rendered":"\n[et_pb_section admin_label=&#8221;section&#8221;]\n\t\t\t[et_pb_row admin_label=&#8221;wiersz&#8221;]\n\t\t\t\t[et_pb_column type=&#8221;4_4&#8243;][et_pb_text admin_label=&#8221;Text&#8221;]<!-- divi:heading {\"level\":3} -->\n<h3><strong>1.- Obiekt:<\/strong><\/h3>\n<!-- \/divi:heading -->\n\n<!-- divi:paragraph -->\n<p>Niniejsza strona internetowa zosta\u0142a zaprojektowana w celu rozpowszechniania us\u0142ug oferowanych przez todotoy management, S.L. (C\/ Nicol\u00e1s Est\u00e9vanez, n28, 46018, Valencia, Hiszpania); jak r\u00f3wnie\u017c w celu przyjmowania potencjalnych klient\u00f3w, kontakt\u00f3w handlowych i aplikacji o prac\u0119.<\/p>\n<!-- \/divi:paragraph -->\n\n<!-- divi:paragraph -->\n<p><\/p>\n<!-- \/divi:paragraph -->\n\n<!-- divi:heading {\"level\":3} -->\n<h3><strong>W\u0142asno\u015b\u0107 intelektualna i przemys\u0142owa:<\/strong><\/h3>\n<!-- \/divi:heading -->\n\n<!-- divi:paragraph -->\n<p>Prawa w\u0142asno\u015bci intelektualnej strony internetowej http:\/\/playbreaker.es, jej kodu \u017ar\u00f3d\u0142owego, projektu, struktur nawigacyjnych i r\u00f3\u017cnych element\u00f3w w niej zawartych s\u0105 w\u0142asno\u015bci\u0105 firmy todotoy management S.L., kt\u00f3ra posiada wy\u0142\u0105czne prawa do ich wykorzystania w dowolnej formie, a w szczeg\u00f3lno\u015bci prawa do reprodukcji, dystrybucji, publicznego komunikowania i przekszta\u0142cania, zgodnie z obowi\u0105zuj\u0105cymi przepisami prawa hiszpa\u0144skiego i Unii Europejskiej.<\/p>\n<!-- \/divi:paragraph -->\n\n<!-- divi:paragraph -->\n<p>Portal&nbsp;playbreaker.es, strony, z kt\u00f3rych si\u0119 sk\u0142ada oraz informacje lub elementy w nim zawarte obejmuj\u0105 teksty, dokumenty, zdj\u0119cia, rysunki, przedstawienia graficzne, programy komputerowe, jak r\u00f3wnie\u017c loga, znaki towarowe, nazwy handlowe lub inne oznaczenia odr\u00f3\u017cniaj\u0105ce, chronione prawem w\u0142asno\u015bci intelektualnej lub przemys\u0142owej, z kt\u00f3rych&nbsp;W\u0142a\u015bcicielem jest firma todotoy management S.L.<\/p>\n<!-- \/divi:paragraph -->\n\n<!-- divi:paragraph -->\n<p>Ta strona nie jest w\u0142asno\u015bci\u0105 ani nie jest autoryzowana przez geobra Brandst\u00e4tter GmbH &amp; Co. KG.&nbsp;  i nie ponosi odpowiedzialno\u015bci za t\u0119 stron\u0119 internetow\u0105 ani za \u017cadne informacje czy linki zawarte na stronie playbreaker.com. Nie daje to \u017cadnych gwarancji w odniesieniu do jakichkolwiek informacji lub link\u00f3w na playbreaker.pl.<\/p>\n<!-- \/divi:paragraph -->\n\n<!-- divi:paragraph -->\n<p><\/p>\n<!-- \/divi:paragraph -->\n\n<!-- divi:paragraph -->\n<p><\/p>\n<!-- \/divi:paragraph -->\n\n<!-- divi:heading {\"level\":3} -->\n<h3><strong>3.- Spis tre\u015bci:<\/strong><\/h3>\n<!-- \/divi:heading -->\n\n<!-- divi:paragraph -->\n<p>Na niniejszej stronie internetowej znajduj\u0105 si\u0119 informacje o us\u0142ugach przeznaczonych do wiadomo\u015bci publicznej, kt\u00f3re w ka\u017cdym przypadku b\u0119d\u0105 podlega\u0142y warunkom wyra\u017anie wyszczeg\u00f3lnionym w ka\u017cdym momencie i kt\u00f3re s\u0105 dost\u0119pne z tej strony, a kt\u00f3re b\u0119d\u0105 podlega\u0142y r\u00f3\u017cnym obowi\u0105zuj\u0105cym przepisom prawnym.<\/p>\n<!-- \/divi:paragraph -->\n\n<!-- divi:paragraph -->\n<p><\/p>\n<!-- \/divi:paragraph -->\n\n<!-- divi:heading {\"level\":3} -->\n<h3><strong>4.- Dost\u0119p i u\u017cytkowanie:<\/strong><\/h3>\n<!-- \/divi:heading -->\n\n<!-- divi:paragraph -->\n<p>Za dost\u0119p do tej strony internetowej, jak r\u00f3wnie\u017c za wykorzystanie zawartych na niej informacji i tre\u015bci odpowiada wy\u0142\u0105cznie u\u017cytkownik.<\/p>\n<!-- \/divi:paragraph -->\n\n<!-- divi:paragraph -->\n<p>Warunki dost\u0119pu do tej strony internetowej podlegaj\u0105 obowi\u0105zuj\u0105cym przepisom prawnym oraz zasadom dobrej wiary i zgodnego z prawem korzystania przez u\u017cytkownika, a wszelkiego rodzaju dzia\u0142ania na szkod\u0119 firmy todotoy management S.L. s\u0105 generalnie zabronione.<\/p>\n<!-- \/divi:paragraph -->\n\n<!-- divi:paragraph -->\n<p>Wykorzystanie tej strony internetowej do cel\u00f3w nielegalnych lub nieuprawnionych jest surowo zabronione.<\/p>\n<!-- \/divi:paragraph -->\n\n<!-- divi:paragraph -->\n<p>Jakakolwiek forma eksploatacji, w tym wszelkiego rodzaju reprodukcja, dystrybucja, przekazywanie osobom trzecim, publiczne udost\u0119pnianie i przekszta\u0142canie, za pomoc\u0105 wszelkiego rodzaju no\u015bnik\u00f3w i medi\u00f3w, wy\u017cej wymienionych prac, wytwor\u00f3w i oznacze\u0144 odr\u00f3\u017cniaj\u0105cych jest zabroniona bez uprzedniego i wyra\u017anego zezwolenia ich w\u0142a\u015bcicieli. Nieprzestrzeganie tego zakazu mo\u017ce stanowi\u0107 naruszenie karane przez prawo.<\/p>\n<!-- \/divi:paragraph -->\n\n<!-- divi:paragraph -->\n<p>Zabrania si\u0119, poza przypadkami wyra\u017anie dozwolonymi przez todotoy management S.L., prezentowania stron playbreaker.es, lub zawartych na nich informacji, pod ramkami, znakami rozpoznawczymi, znakami towarowymi lub nazwami firmowymi lub handlowymi innej osoby, firmy lub podmiotu.<\/p>\n<!-- \/divi:paragraph -->\n\n<!-- divi:paragraph -->\n<p><\/p>\n<!-- \/divi:paragraph -->\n\n<!-- divi:heading {\"level\":3} -->\n<h3><strong>5.- Odpowiedzialno\u015b\u0107:<\/strong><\/h3>\n<!-- \/divi:heading -->\n\n<!-- divi:paragraph -->\n<p>Firma todotoy management S.L. nie jest w \u017cadnym wypadku odpowiedzialna za jakiekolwiek szkody, kt\u00f3re mog\u0105 by\u0107 spowodowane przez u\u017cytkownik\u00f3w tej strony internetowej lub jakiejkolwiek innej, przez nielegalne lub niew\u0142a\u015bciwe u\u017cycie tej samej strony lub tre\u015bci i informacji dost\u0119pnych lub dostarczanych za jej po\u015brednictwem.<\/p>\n<!-- \/divi:paragraph -->\n\n<!-- divi:paragraph -->\n<p><\/p>\n<!-- \/divi:paragraph -->\n\n<!-- divi:heading {\"level\":3} -->\n<h3><strong>6.- Serwis:<\/strong><\/h3>\n<!-- \/divi:heading -->\n\n<!-- divi:paragraph -->\n<p>todotoy management S.L. zastrzega sobie prawo do zawieszenia dost\u0119pu do swojej strony internetowej, bez uprzedniego powiadomienia, wed\u0142ug w\u0142asnego uznania i tymczasowo, z przyczyn technicznych lub jakichkolwiek innych, a tak\u017ce mo\u017ce jednostronnie zmodyfikowa\u0107 zar\u00f3wno warunki dost\u0119pu, jak i wszystkie lub cz\u0119\u015b\u0107 tre\u015bci na niej zawartych.<\/p>\n<!-- \/divi:paragraph -->\n\n<!-- divi:paragraph -->\n<p><\/p>\n<!-- \/divi:paragraph -->\n\n<!-- divi:heading {\"level\":3} -->\n<h3><strong>7.- Og\u00f3lne:<\/strong><\/h3>\n<!-- \/divi:heading -->\n\n<!-- divi:paragraph -->\n<p>We wszystkich sprawach spornych lub dotycz\u0105cych Serwisu&nbsp;playbreaker.es zastosowanie ma ustawodawstwo hiszpa\u0144skie, a do rozstrzygania wszelkich spor\u00f3w wynikaj\u0105cych lub zwi\u0105zanych z korzystaniem z tego Serwisu w\u0142a\u015bciwe s\u0105 S\u0105dy i Trybuna\u0142y w\u0142a\u015bciwe dla miejsca zamieszkania u\u017cytkownika. Dost\u0119p do strony playbreaker.es oznacza akceptacj\u0119 wszystkich powy\u017cszych zasad i warunk\u00f3w.<\/p>\n<!-- \/divi:paragraph -->\n\n<!-- divi:paragraph -->\n<p><\/p>\n<!-- \/divi:paragraph -->\n\n<!-- divi:heading {\"level\":3} -->\n<h3><strong>8.- Hiper\u0142\u0105cza<\/strong><\/h3>\n<!-- \/divi:heading -->\n\n<!-- divi:paragraph -->\n<p>Hiper\u0142\u0105cza na stronie playbreaker.com mog\u0105 prowadzi\u0107 do stron internetowych os\u00f3b trzecich. todotoy management S.L. nie ponosi \u017cadnej odpowiedzialno\u015bci za tre\u015bci, informacje lub us\u0142ugi, kt\u00f3re mog\u0105 pojawi\u0107 si\u0119 na tych stronach, kt\u00f3re maj\u0105 wy\u0142\u0105cznie charakter informacyjny i w \u017cadnym wypadku nie oznaczaj\u0105 relacji mi\u0119dzy todotoy management S.L. a osobami lub podmiotami b\u0119d\u0105cymi w\u0142a\u015bcicielami tych tre\u015bci lub w\u0142a\u015bcicielami stron, na kt\u00f3rych si\u0119 one znajduj\u0105.<\/p>\n<!-- \/divi:paragraph -->\n\n<!-- divi:paragraph -->\n<p><\/p>\n<!-- \/divi:paragraph -->\n\n<!-- divi:paragraph -->\n<p><\/p>\n<!-- \/divi:paragraph -->[\/et_pb_text][\/et_pb_column]\n\t\t\t[\/et_pb_row]\n\t\t[\/et_pb_section]\n","protected":false},"excerpt":{"rendered":"<p>1.- Obiekt: Niniejsza strona internetowa zosta\u0142a zaprojektowana w celu rozpowszechniania us\u0142ug oferowanych przez todotoy management, S.L. (C\/ Nicol\u00e1s Est\u00e9vanez, n28, 46018, Valencia, Hiszpania); jak r\u00f3wnie\u017c w celu przyjmowania potencjalnych klient\u00f3w, kontakt\u00f3w handlowych i aplikacji o prac\u0119. W\u0142asno\u015b\u0107 intelektualna i przemys\u0142owa: Prawa w\u0142asno\u015bci intelektualnej strony internetowej http:\/\/playbreaker.es, jej kodu \u017ar\u00f3d\u0142owego, projektu, struktur nawigacyjnych i r\u00f3\u017cnych element\u00f3w [&hellip;]<\/p>\n","protected":false},"author":2,"featured_media":0,"parent":0,"menu_order":0,"comment_status":"closed","ping_status":"closed","template":"","meta":{"_et_pb_use_builder":"on","_et_pb_old_content":"","_et_gb_content_width":"","inline_featured_image":false,"footnotes":""},"class_list":["post-1951","page","type-page","status-publish","hentry"],"_links":{"self":[{"href":"https:\/\/playbreaker.es\/pl\/wp-json\/wp\/v2\/pages\/1951","targetHints":{"allow":["GET"]}}],"collection":[{"href":"https:\/\/playbreaker.es\/pl\/wp-json\/wp\/v2\/pages"}],"about":[{"href":"https:\/\/playbreaker.es\/pl\/wp-json\/wp\/v2\/types\/page"}],"author":[{"embeddable":true,"href":"https:\/\/playbreaker.es\/pl\/wp-json\/wp\/v2\/users\/2"}],"replies":[{"embeddable":true,"href":"https:\/\/playbreaker.es\/pl\/wp-json\/wp\/v2\/comments?post=1951"}],"version-history":[{"count":2,"href":"https:\/\/playbreaker.es\/pl\/wp-json\/wp\/v2\/pages\/1951\/revisions"}],"predecessor-version":[{"id":1954,"href":"https:\/\/playbreaker.es\/pl\/wp-json\/wp\/v2\/pages\/1951\/revisions\/1954"}],"wp:attachment":[{"href":"https:\/\/playbreaker.es\/pl\/wp-json\/wp\/v2\/media?parent=1951"}],"curies":[{"name":"wp","href":"https:\/\/api.w.org\/{rel}","templated":true}]}}