{"id":1957,"date":"2022-09-20T09:58:19","date_gmt":"2022-09-20T09:58:19","guid":{"rendered":"https:\/\/playbreaker.es\/polityka-prywatnosci\/"},"modified":"2022-10-20T07:48:08","modified_gmt":"2022-10-20T07:48:08","slug":"polityka-prywatnosci","status":"publish","type":"page","link":"https:\/\/playbreaker.es\/pl\/polityka-prywatnosci\/","title":{"rendered":"Polityka prywatno\u015bci"},"content":{"rendered":"\n<p>todotoy management, S.L. (&#8222;my&#8221; lub &#8222;nas&#8221;) prowadzi stron\u0119 internetow\u0105 playbreaker.es (&#8222;Serwis&#8221;).<\/p>\n\n<p>Ta strona informuje o naszych zasadach dotycz\u0105cych gromadzenia, wykorzystywania i ujawniania danych osobowych podczas korzystania z naszej Us\u0142ugi.<\/p>\n\n<p>Nie b\u0119dziemy wykorzystywa\u0107 ani udost\u0119pnia\u0107 nikomu informacji o u\u017cytkowniku, z wyj\u0105tkiem sytuacji opisanych w niniejszej Polityce Prywatno\u015bci.<\/p>\n\n<p>Wykorzystujemy Twoje dane osobowe do \u015bwiadczenia i ulepszania us\u0142ug. Korzystaj\u0105c z Serwisu, u\u017cytkownik wyra\u017ca zgod\u0119 na gromadzenie i wykorzystywanie informacji zgodnie z niniejsz\u0105 polityk\u0105.<\/p>\n\n<h3 class=\"wp-block-heading\">Gromadzenie i wykorzystywanie informacji<\/h3>\n\n<p>Podczas korzystania z naszej Us\u0142ugi mo\u017cemy poprosi\u0107 Ci\u0119 o podanie pewnych danych osobowych, kt\u00f3re mog\u0105 zosta\u0107 wykorzystane do skontaktowania si\u0119 z Tob\u0105 lub zidentyfikowania Ci\u0119. Dane osobowe (&#8222;Dane Osobowe&#8221;) mog\u0105 obejmowa\u0107, ale nie s\u0105 ograniczone do:<\/p>\n\n<ul class=\"wp-block-list\"><li>Nazwa<\/li><li>Adres e-mail<\/li><li>Numer telefonu<\/li><\/ul>\n\n<h3 class=\"wp-block-heading\">Dane rejestracyjne<\/h3>\n\n<p>Zbieramy informacje, kt\u00f3re przegl\u0105darka u\u017cytkownika wysy\u0142a przy ka\u017cdej wizycie w naszym serwisie (&#8222;Dane dziennika&#8221;). Te Dane dziennika mog\u0105 zawiera\u0107 informacje takie jak adres protoko\u0142u internetowego (&#8222;IP&#8221;) komputera, typ przegl\u0105darki, wersja przegl\u0105darki, strony naszego Serwisu, kt\u00f3re u\u017cytkownik odwiedza, czas i dat\u0119 wizyty, czas sp\u0119dzony na tych stronach i inne statystyki.<\/p>\n\n<h3 class=\"wp-block-heading\">Cookies<\/h3>\n\n<p>Cookies to pliki zawieraj\u0105ce niewielk\u0105 ilo\u015b\u0107 danych, kt\u00f3re mog\u0105 zawiera\u0107 anonimowy, unikalny identyfikator. Pliki cookie s\u0105 wysy\u0142ane do przegl\u0105darki u\u017cytkownika z witryny internetowej i przechowywane na dysku twardym komputera.<\/p>\n\n<p>U\u017cywamy plik\u00f3w cookies do zbierania informacji. U\u017cytkownik mo\u017ce poinstruowa\u0107 swoj\u0105 przegl\u0105dark\u0119, aby odrzuca\u0142a wszystkie pliki cookie lub wskazywa\u0142a, kiedy plik cookie jest wysy\u0142any. Je\u015bli jednak nie akceptujesz plik\u00f3w cookie, mo\u017cesz nie by\u0107 w stanie korzysta\u0107 z niekt\u00f3rych cz\u0119\u015bci naszego Serwisu.<\/p>\n\n<h3 class=\"wp-block-heading\">Us\u0142ugodawcy<\/h3>\n\n<p>Mo\u017cemy zatrudnia\u0107 firmy i osoby trzecie w celu u\u0142atwienia korzystania z naszej Us\u0142ugi, \u015bwiadczenia jej w naszym imieniu, wykonywania us\u0142ug zwi\u0105zanych z Us\u0142ug\u0105 lub pomagania nam w analizowaniu sposobu korzystania z naszej Us\u0142ugi.<\/p>\n\n<p>Te strony trzecie maj\u0105 dost\u0119p do Twoich danych osobowych tylko w celu wykonania tych zada\u0144 w naszym imieniu i s\u0105 zobowi\u0105zane do nieujawniania ani niewykorzystywania ich w \u017cadnym innym celu.<\/p>\n\n<h3 class=\"wp-block-heading\">Bezpiecze\u0144stwo<\/h3>\n\n<p>Bezpiecze\u0144stwo Twoich danych osobowych jest dla nas wa\u017cne, ale pami\u0119taj, \u017ce \u017cadna metoda transmisji przez Internet ani metoda elektronicznego przechowywania nie jest w 100% bezpieczna. Chocia\u017c staramy si\u0119 stosowa\u0107 komercyjnie akceptowalne \u015brodki ochrony danych osobowych, nie mo\u017cemy zagwarantowa\u0107 ich ca\u0142kowitego bezpiecze\u0144stwa.<\/p>\n\n<h3 class=\"wp-block-heading\">Linki do innych stron<\/h3>\n\n<p>Nasz Serwis mo\u017ce zawiera\u0107 linki do innych stron, kt\u00f3re nie s\u0105 przez nas obs\u0142ugiwane. Je\u015bli klikniesz na link osoby trzeciej, zostaniesz przekierowany na stron\u0119 tej osoby trzeciej. Gor\u0105co zach\u0119camy do zapoznania si\u0119 z Polityk\u0105 Prywatno\u015bci ka\u017cdej odwiedzanej witryny.<\/p>\n\n<p>Nie mamy kontroli nad zawarto\u015bci\u0105, polityk\u0105 prywatno\u015bci ani praktykami stosowanymi przez strony lub us\u0142ugi os\u00f3b trzecich i nie ponosimy za nie odpowiedzialno\u015bci.<\/p>\n\n<h3 class=\"wp-block-heading\">Prywatno\u015b\u0107 dzieci<\/h3>\n\n<p>Nasz Serwis nie jest skierowany do \u017cadnej osoby poni\u017cej 18 roku \u017cycia (&#8222;Dzieci&#8221;).<\/p>\n\n<p>Nie zbieramy \u015bwiadomie danych osobowych od dzieci poni\u017cej 18 roku \u017cycia. Je\u015bli jeste\u015b rodzicem lub opiekunem i wiesz, \u017ce Twoje dziecko przekaza\u0142o nam dane osobowe, skontaktuj si\u0119 z nami. Je\u015bli odkryjemy, \u017ce dziecko poni\u017cej 18 roku \u017cycia przekaza\u0142o nam dane osobowe, natychmiast usuniemy te informacje z naszych serwer\u00f3w.<\/p>\n\n<h3 class=\"wp-block-heading\">Egzekwowanie prawa<\/h3>\n\n<p>Ujawnimy Twoje dane osobowe, gdy b\u0119dzie to wymagane przez prawo lub wezwanie.<\/p>\n\n<h3 class=\"wp-block-heading\">Zmiany w niniejszej Polityce Prywatno\u015bci<\/h3>\n\n<p>Mo\u017cemy od czasu do czasu aktualizowa\u0107 nasz\u0105 Polityk\u0119 Prywatno\u015bci. O wszelkich zmianach powiadomimy Pa\u0144stwa poprzez zamieszczenie nowej Polityki Prywatno\u015bci na tej stronie.<\/p>\n\n<p>Zach\u0119camy do okresowego przegl\u0105dania niniejszej Polityki Prywatno\u015bci pod k\u0105tem wszelkich zmian. Zmiany w niniejszej Polityce Prywatno\u015bci obowi\u0105zuj\u0105 od momentu umieszczenia ich na tej stronie.<\/p>\n\n<h3 class=\"wp-block-heading\">Skontaktuj si\u0119 z nami pod adresem<\/h3>\n\n<p>Je\u015bli masz jakiekolwiek pytania dotycz\u0105ce niniejszej Polityki Prywatno\u015bci, skontaktuj si\u0119 z nami.<\/p>\n\n<p><\/p>\n\n<p><\/p>\n","protected":false},"excerpt":{"rendered":"<p>todotoy management, S.L. (&#8222;my&#8221; lub &#8222;nas&#8221;) prowadzi stron\u0119 internetow\u0105 playbreaker.es (&#8222;Serwis&#8221;). Ta strona informuje o naszych zasadach dotycz\u0105cych gromadzenia, wykorzystywania i ujawniania danych osobowych podczas korzystania z naszej Us\u0142ugi. Nie b\u0119dziemy wykorzystywa\u0107 ani udost\u0119pnia\u0107 nikomu informacji o u\u017cytkowniku, z wyj\u0105tkiem sytuacji opisanych w niniejszej Polityce Prywatno\u015bci. Wykorzystujemy Twoje dane osobowe do \u015bwiadczenia i ulepszania us\u0142ug. [&hellip;]<\/p>\n","protected":false},"author":2,"featured_media":0,"parent":0,"menu_order":0,"comment_status":"closed","ping_status":"closed","template":"","meta":{"_et_pb_use_builder":"off","_et_pb_old_content":"","_et_gb_content_width":"","inline_featured_image":false,"footnotes":""},"class_list":["post-1957","page","type-page","status-publish","hentry"],"_links":{"self":[{"href":"https:\/\/playbreaker.es\/pl\/wp-json\/wp\/v2\/pages\/1957","targetHints":{"allow":["GET"]}}],"collection":[{"href":"https:\/\/playbreaker.es\/pl\/wp-json\/wp\/v2\/pages"}],"about":[{"href":"https:\/\/playbreaker.es\/pl\/wp-json\/wp\/v2\/types\/page"}],"author":[{"embeddable":true,"href":"https:\/\/playbreaker.es\/pl\/wp-json\/wp\/v2\/users\/2"}],"replies":[{"embeddable":true,"href":"https:\/\/playbreaker.es\/pl\/wp-json\/wp\/v2\/comments?post=1957"}],"version-history":[{"count":2,"href":"https:\/\/playbreaker.es\/pl\/wp-json\/wp\/v2\/pages\/1957\/revisions"}],"predecessor-version":[{"id":1965,"href":"https:\/\/playbreaker.es\/pl\/wp-json\/wp\/v2\/pages\/1957\/revisions\/1965"}],"wp:attachment":[{"href":"https:\/\/playbreaker.es\/pl\/wp-json\/wp\/v2\/media?parent=1957"}],"curies":[{"name":"wp","href":"https:\/\/api.w.org\/{rel}","templated":true}]}}